{"id":38,"date":"2018-02-20T14:12:17","date_gmt":"2018-02-20T13:12:17","guid":{"rendered":"http:\/\/wordpress.rsl-hilden.de\/?page_id=38"},"modified":"2025-07-22T10:52:07","modified_gmt":"2025-07-22T08:52:07","slug":"impressum","status":"publish","type":"page","link":"https:\/\/www.rsl-hilden.de\/home\/impressum\/","title":{"rendered":"Impressum"},"content":{"rendered":"<div class='content-column one_half'><h1><strong>Impressum<\/strong><\/h1>\n<p><strong>Angaben gem. \u00a7 5 TMG:<\/strong><br \/>\nDienstanbieter des Onlineangebotes www.rsl-hilden.de ist:<\/p>\n<p>Rechtsanwaltskanzlei RSL<br \/>\nHerr Rechtsanwalt Rainer Schlottmann<br \/>\nNikolaus-Otto-Stra\u00dfe 1<br \/>\n40721 Hilden<br \/>\nDeutschland<\/p>\n<p>Tel.: 02103\u00a025 86 960<br \/>\nFax: 02103\u00a025 86 964<br \/>\nE-Mail <a href=\"mailto:kanzlei@rsl-hilden.de\" title=\"Kanzlei@rsl-hilden.de\">kanzlei@rsl-hilden.de<\/a><\/p>\n<p><strong>Verantwortlich f\u00fcr den Inhalt:<\/strong> Rainer Schlottmann<\/p>\n<p><strong>Bildnachweise:<\/strong><br \/>\nDie Bilder, die auf dieser Website Verwendung finden wurden von <a title=\"Schulenberg &amp; Werbung \u2022 Dirk und Arne Schulenberg GbR\" href=\"http:\/\/www.schwub.de\" target=\"_blank\" rel=\"noopener\">Schulenberg &amp; Werbung<\/a> erstellt, von <a title=\"lieske.pictures\" href=\"http:\/\/lieske.pictures\" target=\"_blank\" rel=\"noopener\">Manuel Lieske<\/a> fotografiert (Portraitbilder), stammen von Fotolia.com oder aus dem Archiv von Rechtsanwalt Rainer Schlottmann.<br \/>\nListe Fotolia:<br \/>\nMotiv Erbrecht: Neubau \/ modernes Haus \u00a9 Tiberius Gracchus \/ Fotolia.com<br \/>\nMotiv Arbeitsrecht: Business handshake in the office \u00a9 sebra \/ Fotolia.com<br \/>\nMotiv Bank und Kapitalmarktrecht: Finanzen, Euro M\u00fcnzstapel, Kugelschreiber, Tabellen, und Taschenrechner, Hintergrund \u00a9 v.poth \/ Fotolia.com<br \/>\nMotiv Paragraph: Big law icons in modern interior 3D rendering \u00a9 sdecoret \/ Fotolia.com<br \/>\nMotiv Philosophie: Strand\u00fcbergang zur Ostsee &#8211; Fr\u00fchling \u00a9 Jenny Sturm \/ Fotolia.com<\/p>\n<p><strong>Berufsbezeichnung und zust\u00e4ndige Aufsichtsbeh\u00f6rden:<\/strong><br \/>\nRechtsanwalt Rainer Schlottmann geh\u00f6rt der<\/p>\n<p>Rechtsanwaltskammer D\u00fcsseldorf<br \/>\nFreiligrathstr. 25<br \/>\n40479 D\u00fcsseldorf<br \/>\nTel.: 0211\/495020<br \/>\nFax: 0211\/4950228<br \/>\n<a title=\"\" href=\"mailto:info@rechtsanwaltskammer-duesseldorf.de\" title=\"Info@rechtsanwaltskammer-duesseldorf.de\">info@rechtsanwaltskammer-duesseldorf.de<\/a><\/p>\n<p>an und ist nach den gesetzlichen Bestimmungen der Bundesrepublik Deutschland zugelassen.<\/p>\n<p><strong>Steuernummer:<\/strong><br \/>\nUmsatzsteuer Ident Nr.: DE 31 61 01 40 9<\/p><\/div>\n<div class='content-column one_half last_column'><h1><\/h1>\n<p><strong>Berufshaftpflichtversicherung:<\/strong><br \/>\nMarkel International Insurance Company Limited \u2013 Niederlassung f\u00fcr Deutschland<br \/>\nSophienstr. 26, 80333 M\u00fcnchen<\/p>\n<p><strong>R\u00e4umlicher Geltungsbereich:<\/strong><br \/>\nAlle T\u00e4tigkeiten in den Mitgliedsl\u00e4ndern der Europ\u00e4ischen Union<\/p>\n<p><strong>Berufsrecht:<\/strong><br \/>\nF\u00fcr Rechtsanw\u00e4lte und Rechtsanw\u00e4ltinnen gelten folgende Geb\u00fchren- und Berufsordnungen:<\/p>\n<ul>\n<li>BRAO &#8211; Bundesrechtsanwaltsordnung<\/li>\n<li>BORA &#8211; Berufsordnung f\u00fcr Rechtsanw\u00e4lte<\/li>\n<li>FAO &#8211; Fachanwaltsordnung<\/li>\n<li>RVG &#8211; Rechtsanwaltsverg\u00fctungsgesetz<\/li>\n<li>Berufsregeln der Rechtsanw\u00e4lte der europ\u00e4ischen Union (CCBE)<\/li>\n<\/ul>\n<p>Alle Vorschrift sind bei der Bundesrechtsanwaltskammer (BRAK), Littenstr.9 in 10179 Berlin unter<br \/>\n<a href=\"http:\/\/www.brak.de\/fuer-anwaelte\/berufsrecht\/\" title=\"Http:\/\/www.brak.de\/fuer-anwaelte\/berufsrecht\/\n\" target=\"_blank\" rel=\"noopener\">http:\/\/www.brak.de\/fuer-anwaelte\/berufsrecht\/<br \/>\n<\/a> abrufbar.<\/p>\n<p><strong>Au\u00dfergerichtliche Streitschlichtung:<\/strong><br \/>\nAuf Antrag besteht bei Streitigkeiten zwischen Rechtsanw\u00e4lten und ihren Auftraggebern die M\u00f6glichkeit einer au\u00dfergerichtlichen Streitschlichtung bei der jeweils zust\u00e4ndigen regionalen Rechtsanwaltskammer (\u00a7 73 Abs. 2 Nr. 3 i.V.m. \u00a7 73 Abs. 5 BRAO) oder bei der Schlichtungsstelle der Rechtsanwaltschaft (\u00a7\u00a7 191 f. BRAO) bei der Bundesrechtsanwaltskammer (<a href=\"mailto:Schlichtungsstelle@brak.de\" title=\"Schlichtungsstelle@brak.de\">Schlichtungsstelle@brak.de<\/a>).<\/p>\n<p>Im \u00dcbrigen sind wir nicht bereit und nicht verpflichtet wegen Streitigkeiten aus dem Vertragsverh\u00e4ltnis an einem Streitbeilegungsverfahren vor einer Verbraucherschlichtungsstelle teilzunehmen.<\/p>\n<p><strong>Herausgeber:<\/strong><br \/>\nHerausgeber und verantwortlich im Sinne des Presserechts und des Telemediengesetzes:<\/p>\n<p>Rechtsanwalt Rainer Schlottmann<br \/>\nNikolaus-Otto-Stra\u00dfe 1<br \/>\n40721 Hilden<br \/>\nDeutschland<\/p>\n<p>Tel.: 02103\u00a025 86 960<br \/>\nFax: 02103\u00a025 86 964<br \/>\nE-Mail <a href=\"mailto:kanzlei@rsl-hilden.de\" title=\"Kanzlei@rsl-hilden.de\">kanzlei@rsl-hilden.de<\/a><\/p><\/div><div class='clear_column'><\/div>\n","protected":false},"excerpt":{"rendered":"","protected":false},"author":1,"featured_media":0,"parent":0,"menu_order":0,"comment_status":"closed","ping_status":"closed","template":"","meta":{"footnotes":""},"class_list":["post-38","page","type-page","status-publish","hentry"],"_links":{"self":[{"href":"https:\/\/www.rsl-hilden.de\/home\/wp-json\/wp\/v2\/pages\/38","targetHints":{"allow":["GET"]}}],"collection":[{"href":"https:\/\/www.rsl-hilden.de\/home\/wp-json\/wp\/v2\/pages"}],"about":[{"href":"https:\/\/www.rsl-hilden.de\/home\/wp-json\/wp\/v2\/types\/page"}],"author":[{"embeddable":true,"href":"https:\/\/www.rsl-hilden.de\/home\/wp-json\/wp\/v2\/users\/1"}],"replies":[{"embeddable":true,"href":"https:\/\/www.rsl-hilden.de\/home\/wp-json\/wp\/v2\/comments?post=38"}],"version-history":[{"count":5,"href":"https:\/\/www.rsl-hilden.de\/home\/wp-json\/wp\/v2\/pages\/38\/revisions"}],"predecessor-version":[{"id":742,"href":"https:\/\/www.rsl-hilden.de\/home\/wp-json\/wp\/v2\/pages\/38\/revisions\/742"}],"wp:attachment":[{"href":"https:\/\/www.rsl-hilden.de\/home\/wp-json\/wp\/v2\/media?parent=38"}],"curies":[{"name":"wp","href":"https:\/\/api.w.org\/{rel}","templated":true}]}}