{"id":42,"date":"2018-02-20T14:13:07","date_gmt":"2018-02-20T13:13:07","guid":{"rendered":"http:\/\/wordpress.rsl-hilden.de\/?page_id=42"},"modified":"2022-01-26T18:13:20","modified_gmt":"2022-01-26T17:13:20","slug":"beratung","status":"publish","type":"page","link":"https:\/\/www.rsl-hilden.de\/home\/schwerpunkte\/beratung\/","title":{"rendered":"Beratung"},"content":{"rendered":"<div class='content-column one_half'><h1><strong>Beratung<\/strong><\/h1>\n<p>Wir nehmen uns Zeit f\u00fcr Ihre Fragen und zeigen Ihnen m\u00f6gliche L\u00f6sungen f\u00fcr Ihre rechtlichen Probleme. Je nach Sachverhalt gibt es, vor allem im privaten Bereich, Alternativen zu einem Auftreten mit Rechtsanwalt. Es st\u00e4rkt jedoch die eigene Position, zu wissen, welche Rechte einem zustehen. Und die Sicherheit, einen kompetenten Rechtsanwalt im R\u00fccken zu haben.<\/p>\n<p>Sprechen Sie uns an \u2013 wir finden gemeinsam den Weg, der Sie zu Ihrem Recht f\u00fchrt.<\/p>\n<p>Und das gilt nicht nur f\u00fcr unsere Kernkompetenzen: Arbeitsrecht und Bank- und Kapitalmarktrecht. Auch im Erbrecht sowie im Handels- und Gesellschaftsrecht bieten wir Ihnen kompetente Beratung.<\/p>\n<p>Sprechen Sie uns an &#8211; wir nehmen uns Zeit.<\/p><\/div>\n<div class='content-column one_half last_column'><h2><\/h2>\n<p>Sie w\u00fcnschen einen Beratungstermin?<br \/>\nRufen Sie uns an<br \/>\n02103\u00a025 86 960<br \/>\n<a href=\"mailto:kanzlei@rsl-hilden.de\" title=\"Kanzlei@rsl-hilden.de\">kanzlei@rsl-hilden.de<\/a><\/p>\n<h2>Weitere Schwerpunkte:<\/h2>\n<p>\u2022 <a href=\"https:\/\/www.rsl-hilden.de\/schwerpunkte\/bank-und-kapitalmarktrecht\/\" title=\"Bank- Und Kapitalmarktrecht\">Bank- und Kapitalmarktrecht<\/a><br \/>\n\u2022 <a href=\"https:\/\/www.rsl-hilden.de\/schwerpunkte\/arbeitsrecht\/\" title=\"Arbeitsrecht\">Arbeitsrecht<\/a><br \/>\n\u2022 <a href=\"https:\/\/www.rsl-hilden.de\/schwerpunkte\/erbrecht\/\" title=\"Erbrecht\">Erbrecht<\/a><\/p>\n<h2>Expertentipps im Bereich Beratung:<\/h2>\n<p>\u2022 <a href=\"https:\/\/www.rsl-hilden.de\/home\/expertentipps\/falschparker-zuparken-keine-gute-idee\/\" title=\"Falschparker Zuparken \u2013 Keine Gute Idee!\">Falschparker zuparken &#8211; Keine gute Idee!<\/a><\/p><\/div><div class='clear_column'><\/div>\n","protected":false},"excerpt":{"rendered":"","protected":false},"author":1,"featured_media":0,"parent":28,"menu_order":0,"comment_status":"closed","ping_status":"closed","template":"","meta":{"footnotes":""},"class_list":["post-42","page","type-page","status-publish","hentry"],"_links":{"self":[{"href":"https:\/\/www.rsl-hilden.de\/home\/wp-json\/wp\/v2\/pages\/42","targetHints":{"allow":["GET"]}}],"collection":[{"href":"https:\/\/www.rsl-hilden.de\/home\/wp-json\/wp\/v2\/pages"}],"about":[{"href":"https:\/\/www.rsl-hilden.de\/home\/wp-json\/wp\/v2\/types\/page"}],"author":[{"embeddable":true,"href":"https:\/\/www.rsl-hilden.de\/home\/wp-json\/wp\/v2\/users\/1"}],"replies":[{"embeddable":true,"href":"https:\/\/www.rsl-hilden.de\/home\/wp-json\/wp\/v2\/comments?post=42"}],"version-history":[{"count":4,"href":"https:\/\/www.rsl-hilden.de\/home\/wp-json\/wp\/v2\/pages\/42\/revisions"}],"predecessor-version":[{"id":642,"href":"https:\/\/www.rsl-hilden.de\/home\/wp-json\/wp\/v2\/pages\/42\/revisions\/642"}],"up":[{"embeddable":true,"href":"https:\/\/www.rsl-hilden.de\/home\/wp-json\/wp\/v2\/pages\/28"}],"wp:attachment":[{"href":"https:\/\/www.rsl-hilden.de\/home\/wp-json\/wp\/v2\/media?parent=42"}],"curies":[{"name":"wp","href":"https:\/\/api.w.org\/{rel}","templated":true}]}}