{"id":48,"date":"2018-02-20T14:14:08","date_gmt":"2018-02-20T13:14:08","guid":{"rendered":"http:\/\/wordpress.rsl-hilden.de\/?page_id=48"},"modified":"2022-01-26T18:12:39","modified_gmt":"2022-01-26T17:12:39","slug":"erbrecht","status":"publish","type":"page","link":"https:\/\/www.rsl-hilden.de\/home\/schwerpunkte\/erbrecht\/","title":{"rendered":"Erbrecht"},"content":{"rendered":"<div class='content-column one_half'><h1><strong>Erbrecht<\/strong><\/h1>\n<p>Erbrecht ist emotional.<br \/>\nOft wird der Rechtsanwalt erst dann in Anspruch genommen, wenn der Erbfall bereits eingetreten ist.<br \/>\nErbrechtliche Auseinandersetzungen nach einem Todesfall in der Familie oder im engen Bekanntenkreis werden h\u00e4ufig gef\u00fchlsbetont ausgetragen. Wir helfen Ihnen gerne dabei, den Konflikt sachlich zu l\u00f6sen und so zu einem friedlichen Ergebnis zu gelangen.<br \/>\nDurch die Ausarbeitung eines Testaments oder Erbvertrages kann vielen Streitigkeiten vorgebeugt werden. Auf diese Art und Weise nimmt der Erblasser Einfluss auf die Erbfolge und regelt, was nach dem Tod mit dem Verm\u00f6gen geschieht. Aufgrund der vielf\u00e4ltigen Problemstellungen im Erbrecht und den oft teuren Folgen eines Fehlers empfiehlt es sich, f\u00fcr Regelungen erbrechtlicher Art anwaltliche Hilfe in Anspruch zu nehmen. Oft wird erst nach einem Beratungsgespr\u00e4ch deutlich, dass die bisherigen Vorstellungen der Verm\u00f6gensverteilung nach dem Tod nicht ohne Probleme umsetzbar sind.<\/p>\n<p>Wir helfen Ihnen gerne, Ihre Ziele und W\u00fcnsche bei einer Erbfolgeplanung herauszuarbeiten und dann dieses Ergebnis rechtssicher zu gestalten, sodass Sie Ihren Nachlass sicher geregelt wissen.<br \/><\/div>\n<div class='content-column one_half last_column'><h2><\/h2>\n<p>Bei allen Fragen zum Erbrecht k\u00f6nnen Sie gerne einen Termin mit uns machen und sich von uns beraten lassen.<br \/>\nRufen Sie uns an oder schreiben Sie uns:<br \/>\n02103\u00a025 86 960<br \/>\n<a href=\"mailto:kanzlei@rsl-hilden.de\" title=\"Kanzlei@rsl-hilden.de\">kanzlei@rsl-hilden.de<\/a><\/p>\n<h2>Weitere Schwerpunkte:<\/h2>\n<p>\u2022 <a href=\"https:\/\/www.rsl-hilden.de\/schwerpunkte\/beratung\/\" title=\"Beratung\">Beratung<\/a><br \/>\n\u2022 <a href=\"https:\/\/www.rsl-hilden.de\/schwerpunkte\/bank-und-kapitalmarktrecht\/\" title=\"Bank- Und Kapitalmarktrecht\">Bank- und Kapitalmarktrecht<\/a><br \/>\n\u2022 <a href=\"https:\/\/www.rsl-hilden.de\/schwerpunkte\/arbeitsrecht\/\" title=\"Arbeitsrecht\">Arbeitsrecht<\/a><\/p>\n<h2>Expertentipps im Bereich Erbrecht:<\/h2>\n<p>\u2022 <a href=\"https:\/\/www.rsl-hilden.de\/home\/expertentipps\/das-testamentum-mysticum-und-weitere-fallen-im-erbrecht\/\" title=\"Das ?Testamentum Mysticum? Und Weitere Fallen Im Erbrecht\">Das \u201eTestamentum mysticum\u201c und weitere Fallen im Erbrecht<\/a><br \/>\n\u2022 <a href=\"https:\/\/www.rsl-hilden.de\/home\/expertentipps\/der-letzte-wille-auf-einem-post-it\/\" title=\"Der Letzte Wille Auf Einem Post-it\">Der letzte Wille auf einem Post-it<\/a><br \/><\/div><div class='clear_column'><\/div>\n","protected":false},"excerpt":{"rendered":"","protected":false},"author":1,"featured_media":0,"parent":28,"menu_order":0,"comment_status":"closed","ping_status":"closed","template":"","meta":{"footnotes":""},"class_list":["post-48","page","type-page","status-publish","hentry"],"_links":{"self":[{"href":"https:\/\/www.rsl-hilden.de\/home\/wp-json\/wp\/v2\/pages\/48","targetHints":{"allow":["GET"]}}],"collection":[{"href":"https:\/\/www.rsl-hilden.de\/home\/wp-json\/wp\/v2\/pages"}],"about":[{"href":"https:\/\/www.rsl-hilden.de\/home\/wp-json\/wp\/v2\/types\/page"}],"author":[{"embeddable":true,"href":"https:\/\/www.rsl-hilden.de\/home\/wp-json\/wp\/v2\/users\/1"}],"replies":[{"embeddable":true,"href":"https:\/\/www.rsl-hilden.de\/home\/wp-json\/wp\/v2\/comments?post=48"}],"version-history":[{"count":3,"href":"https:\/\/www.rsl-hilden.de\/home\/wp-json\/wp\/v2\/pages\/48\/revisions"}],"predecessor-version":[{"id":641,"href":"https:\/\/www.rsl-hilden.de\/home\/wp-json\/wp\/v2\/pages\/48\/revisions\/641"}],"up":[{"embeddable":true,"href":"https:\/\/www.rsl-hilden.de\/home\/wp-json\/wp\/v2\/pages\/28"}],"wp:attachment":[{"href":"https:\/\/www.rsl-hilden.de\/home\/wp-json\/wp\/v2\/media?parent=48"}],"curies":[{"name":"wp","href":"https:\/\/api.w.org\/{rel}","templated":true}]}}