{"id":57,"date":"2018-02-20T17:29:51","date_gmt":"2018-02-20T16:29:51","guid":{"rendered":"http:\/\/wordpress.rsl-hilden.de\/?page_id=57"},"modified":"2024-02-28T17:51:23","modified_gmt":"2024-02-28T16:51:23","slug":"home","status":"publish","type":"page","link":"https:\/\/www.rsl-hilden.de\/home\/","title":{"rendered":"Home"},"content":{"rendered":"<div class='content-column full_width'><div style=\"text-align: center; font-size: 18px;\">\n<h1><strong>Der Weg zu Ihrem Recht<\/strong><\/h1>\n<p>Sie suchen einen Anwalt! F\u00fcr eine Rechtsberatung? Um Ihre berechtigten Interessen oder Anspr\u00fcche durchzusetzen?<br \/>\nUm Sie vor Unrecht zu sch\u00fctzen?<br \/>\nEinen Rechtsanwalt, der Sie vor Fehlern bewahrt und sich f\u00fcr Sie einsetzt!<\/p>\n<p>Als Fachanwalt f\u00fcr Arbeitsrecht sowie Fachanwalt f\u00fcr Bank- und Kapitalmarktrecht setze ich mich f\u00fcr Ihre Interessen ein.<br \/>\nIch analysiere Ihre Chancen und finde f\u00fcr Sie pers\u00f6nlich den besten Weg zu Ihrem Recht.<\/p>\n<p>Mit langj\u00e4hriger Erfahrung, sowohl in konsensorientierten Einigungen als auch vor Gericht,<br \/>\nsetze ich Ihre Forderungen erfolgreich um und sch\u00fctze Sie vor Unrecht.<\/p>\n<p>Bei Fragen rufen Sie mich noch heute an: 02103 25 86 960<\/p>\n<p>Ihre Rechtsanwaltskanzlei RSL in Hilden<\/p>\n<\/div><\/div>\n<div class='content-column full_width'><div class=\"distance\"><\/div><\/div>\n<div class='content-column full_width'><h2 style=\"text-align: center;\"><strong>Unsere Schwerpunkte<\/strong><\/h2><\/div>\n<div class='content-column one_fourth'><h3 style=\"text-align: center;\">Beratung<\/h3><\/div>\n<div class='content-column one_fourth'><h3 style=\"text-align: center;\">Bank- und Kapitalmarktrecht<\/h3><\/div>\n<div class='content-column one_fourth'><h3 style=\"text-align: center;\">Arbeitsrecht<\/h3><\/div>\n<div class='content-column one_fourth last_column'><h3 style=\"text-align: center;\">Erbrecht<\/h3><\/div><div class='clear_column'><\/div>\n<div class='content-column one_fourth'><h3 style=\"text-align: center;\"><a title=\"Beratung\" href=\"https:\/\/www.rsl-hilden.de\/schwerpunkte\/beratung\/\"><img decoding=\"async\" class=\"alignnone wp-image-97 size-full\" src=\"https:\/\/www.rsl-hilden.de\/wp-content\/uploads\/2018\/02\/beratung-startseite.jpg\" alt=\"Rechtsanwalt Rainer Schlottmann\" width=\"270\" height=\"180\" \/><\/a><\/h3><\/div>\n<div class='content-column one_fourth'><h3 style=\"text-align: center;\"><a title=\"Bank- und Kapitalmarktrecht\" href=\"https:\/\/www.rsl-hilden.de\/schwerpunkte\/bank-und-kapitalmarktrecht\/\"><img decoding=\"async\" class=\"alignnone size-full wp-image-96\" src=\"https:\/\/www.rsl-hilden.de\/wp-content\/uploads\/2018\/02\/bank-kapitalmarktsrecht-startseite.jpg\" alt=\"\" width=\"270\" height=\"180\" \/><\/a><\/h3><\/div>\n<div class='content-column one_fourth'><h3 style=\"text-align: center;\"><a title=\"Arbeitsrecht\" href=\"https:\/\/www.rsl-hilden.de\/schwerpunkte\/arbeitsrecht\/\"><img decoding=\"async\" class=\"alignnone size-full wp-image-95\" src=\"https:\/\/www.rsl-hilden.de\/wp-content\/uploads\/2018\/02\/arbeitsrecht-startseite.jpg\" alt=\"\" width=\"270\" height=\"180\" \/><\/a><\/h3><\/div>\n<div class='content-column one_fourth last_column'><h3 style=\"text-align: center;\"><a title=\"Erbrecht\" href=\"https:\/\/www.rsl-hilden.de\/home\/schwerpunkte\/erbrecht\/\"><img decoding=\"async\" class=\"alignnone wp-image-288\" src=\"https:\/\/www.rsl-hilden.de\/wp-content\/uploads\/2018\/03\/Erbrecht.jpg\" alt=\"\" width=\"270\" height=\"180\" srcset=\"https:\/\/www.rsl-hilden.de\/wp-content\/uploads\/2018\/03\/Erbrecht.jpg 500w, https:\/\/www.rsl-hilden.de\/wp-content\/uploads\/2018\/03\/Erbrecht-300x200.jpg 300w, https:\/\/www.rsl-hilden.de\/wp-content\/uploads\/2018\/03\/Erbrecht-380x254.jpg 380w\" sizes=\"(max-width: 270px) 100vw, 270px\" \/><\/a><\/h3><\/div><div class='clear_column'><\/div>\n<div class='content-column full_width'><div class=\"distance\"><\/div><\/div>\n<div class='content-column full_width'><h3 style=\"text-align: center;\">Wir k\u00f6nnen in vielen Bereichen f\u00fcr Sie t\u00e4tig werden.<br \/>\nDurch st\u00e4ndige Weiterbildung stellen wir h\u00f6chste<br \/>\nKompetenz in Ihrem Interesse sicher.<br \/>\n<img decoding=\"async\" class=\"alignnone size-full wp-image-107\" src=\"https:\/\/www.rsl-hilden.de\/wp-content\/uploads\/2018\/03\/arbeitsgemeinschaften-deutscher-anwaltverein.png\" alt=\"\" width=\"504\" height=\"125\" \/><\/h3><\/div>\n<div class='content-column full_width'><div class=\"distance\"><\/div><\/div>\n<h2 style=\"text-align: center;\"><strong>RSL aktuell<\/strong><\/h2>\n<p><div class='content-column full_width'>Wir halten Sie auf dem Laufenden. Mit ausgesuchten, aktuellen Informationen zu wichtigen Rechtsthemen, relevanten Gesetzes\u00e4nderungen, ver\u00e4nderten Rechtsbewertungen und Gerichtsentscheidungen, die Sie kennen sollten.<br \/><\/div><br \/>\n<div class='content-column full_width'><div class=\"distance\"><\/div><\/div><br \/>\n<div class='content-column two_third'><iframe id=\"frame_aktuell\" src=\"https:\/\/www.rsl-hilden.de\/aktuelles.php\" width=\"300\" height=\"150\"><\/iframe><br \/><\/div><br \/>\n<div class='content-column one_third last_column'><div class=\"fb-page\" data-href=\"https:\/\/www.facebook.com\/Rechtsanwaltskanzlei-RSL-1588327624581156\/\" data-tabs=\"timeline\" data-height=\"568\" data-small-header=\"true\" data-adapt-container-width=\"true\" data-hide-cover=\"false\" data-show-facepile=\"false\"><\/div><\/div><div class='clear_column'><\/div><br \/>\n<div class='content-column full_width'><div class=\"distance\"><\/div>\n<p><a name=\"referenzen\"><\/a><br \/><\/div><br \/>\n<div class='content-column full_width'><h2 style=\"text-align: center;\"><strong>Mandantenmeinungen<\/strong><\/h2><\/div><br \/>\n<div class='content-column one_half'><div id=\"text-slider\"><div class=\"text-slideshow\"><article>Vielen Dank f\u00fcr die effektive, kompetente, unkomplizierte und vor allem pers\u00f6nliche Beratung und Betreuung durch Rechtsanwalt Rainer Schlottmann. Die fachliche Kompetenz und die realistische und objektive Darstellung der Prozesschancen waren eine gro\u00dfe Hilfe. Auch auf diesem Wege noch einmal Danke und eine klare Weiterempfehlung f\u00fcr die Rechtsanwaltskanzlei RSL.<span>Wolfgang Urbild, Mayen<\/span><\/article><article>Meine Erfahrungen mit Herrn Rechtsanwalt Rainer Schlottmann sind durchweg positiv. Schnell bekommt man einen Termin, wird zu der rechtlichen Frage eingehend beraten und f\u00fchlt sich als Mandantin sofort in den besten H\u00e4nden. Ich kann Herrn Rechtsanwalt Schlottmann ohne Einschr\u00e4nkung empfehlen, und tue dies auch bei jeder sich bietenden Gelegenheit im Freundes- und Bekanntenkreis.<span>Monika Rubr\u00f6der, Hilden<\/span><\/article><article>Sehr freundliche, engagierte und fachlich kompetente Betreuung. Die Beratung, die entsprechenden Recherchen und Argumente wurden ausgiebig begr\u00fcndet und mit Erfolg abgeschlossen. Meine Empfehlung!<span>Dirk Schulenberg, Solingen<\/span><\/article><article>Herr Rainer Schlottmann steht mir bereits seit Jahren, sowohl im privaten als auch im gesch\u00e4ftlichen Bereich, als Rechtsanwalt zur Seite. Vertrauen, Offenheit, Flexibilit\u00e4t und der respektvolle Umgang miteinander werden von Herrn Rainer Schlottmann vorgelebt. Ich kann Herrn Rainer Schlottman uneingeschr\u00e4nkt empfehlen und werde dies auch gerne weiterhin machen.<span>Felix Netzel, AIHoster.com - Leverkusen<\/span><\/article><\/div><div id=\"text-slider-controls\"><a href=\"#\" class=\"prev\"><i class=\"icon-chevron-left nav-color\"><\/i><\/a> <a href=\"#\" class=\"next\"><i class=\"icon-chevron-right nav-color\"><\/i><\/a><\/div><\/div><br \/><\/div><\/p>\n<div class='content-column one_half last_column'><img decoding=\"async\" class=\"alignnone wp-image-99\" src=\"https:\/\/www.rsl-hilden.de\/wp-content\/uploads\/2018\/02\/mandantenmeinungen-startseite.jpg\" alt=\"Fachanwalt Rainer Schlottmann im Gespr\u00e4ch\" width=\"611\" height=\"225\" srcset=\"https:\/\/www.rsl-hilden.de\/wp-content\/uploads\/2018\/02\/mandantenmeinungen-startseite.jpg 625w, https:\/\/www.rsl-hilden.de\/wp-content\/uploads\/2018\/02\/mandantenmeinungen-startseite-300x110.jpg 300w\" sizes=\"(max-width: 611px) 100vw, 611px\" \/><br \/><\/div><div class='clear_column'><\/div>\n<div class='content-column full_width'><h2 style=\"text-align: center;\"><strong>Expertentipps:<\/strong><\/h2><\/div>\n<div class='content-column full_width'><h3 style=\"text-align: center;\">\u2022 <a href=\"https:\/\/www.rsl-hilden.de\/home\/expertentipps\/arbeitsrecht-neues-nachweisgesetz-warum-arbeitsvertraege-jetzt-ueberprueft-werden-muessen\" title=\"Arbeitsrecht: Neues Nachweisgesetz:\nWarum Arbeitsvertr\u00e4ge Jetzt \u00fcberpr\u00fcft Werden M\u00fcssen\">Arbeitsrecht: Neues Nachweisgesetz:<br \/>\nWarum Arbeitsvertr\u00e4ge jetzt \u00fcberpr\u00fcft werden m\u00fcssen<\/a><br \/>\n\u2022 <a href=\"https:\/\/www.rsl-hilden.de\/home\/expertentipps\/arbeitsrecht-ende-der-vertrauensarbeitszeit\/\" title=\"Arbeitsrecht: Das Ende Der Vertrauensarbeitszeit?\">Arbeitsrecht: Das Ende der Vertrauensarbeitszeit?<\/a><br \/>\n\u2022 <a href=\"https:\/\/www.rsl-hilden.de\/home\/expertentipps\/arbeitsrecht-kuriose-kuendigungsgruende\/\" title=\" Arbeitsrecht: Kuriose K\u00fcndigungsgr\u00fcnde ? Was Ist Berechtigt, Was Nicht?\"> Arbeitsrecht: Kuriose K\u00fcndigungsgr\u00fcnde \u2013 Was ist berechtigt, was nicht?<\/a><br \/>\n\u2022 <a href=\"https:\/\/www.rsl-hilden.de\/home\/expertentipps\/arbeitsrecht-urlaubsanspruch-und-resturlaub\/\" title=\"Arbeitsrecht: Was Arbeitnehmer Und Arbeitgeber \u00fcber Urlaubsanspruch Und Resturlaub Wissen M\u00fcssen\">Arbeitsrecht: Was Arbeitnehmer und Arbeitgeber \u00fcber Urlaubsanspruch und Resturlaub wissen m\u00fcssen<\/a><br \/>\n\u2022 <a href=\"https:\/\/www.rsl-hilden.de\/home\/expertentipps\/das-testamentum-mysticum-und-weitere-fallen-im-erbrecht\/\" title=\"Das ?Testamentum Mysticum? Und Weitere Fallen Im Erbrecht\">Das \u201eTestamentum mysticum\u201c und weitere Fallen im Erbrecht<\/a><br \/>\n\u2022 <a href=\"https:\/\/www.rsl-hilden.de\/home\/expertentipps\/der-letzte-wille-auf-einem-post-it\/\" title=\"Der Letzte Wille Auf Einem Post-it\">Der letzte Wille auf einem Post-it<\/a><br \/>\n\u2022 <a href=\"https:\/\/www.rsl-hilden.de\/home\/expertentipps\/falschparker-zuparken-keine-gute-idee\/\" title=\"Falschparker Zuparken \u2013 Keine Gute Idee!\">Falschparker zuparken &#8211; Keine gute Idee<strong>!<\/strong><\/a><\/h3><\/div>\n","protected":false},"excerpt":{"rendered":"<p>RSL aktuell<\/p>\n","protected":false},"author":1,"featured_media":0,"parent":0,"menu_order":0,"comment_status":"closed","ping_status":"closed","template":"","meta":{"footnotes":""},"class_list":["post-57","page","type-page","status-publish","hentry"],"_links":{"self":[{"href":"https:\/\/www.rsl-hilden.de\/home\/wp-json\/wp\/v2\/pages\/57","targetHints":{"allow":["GET"]}}],"collection":[{"href":"https:\/\/www.rsl-hilden.de\/home\/wp-json\/wp\/v2\/pages"}],"about":[{"href":"https:\/\/www.rsl-hilden.de\/home\/wp-json\/wp\/v2\/types\/page"}],"author":[{"embeddable":true,"href":"https:\/\/www.rsl-hilden.de\/home\/wp-json\/wp\/v2\/users\/1"}],"replies":[{"embeddable":true,"href":"https:\/\/www.rsl-hilden.de\/home\/wp-json\/wp\/v2\/comments?post=57"}],"version-history":[{"count":9,"href":"https:\/\/www.rsl-hilden.de\/home\/wp-json\/wp\/v2\/pages\/57\/revisions"}],"predecessor-version":[{"id":708,"href":"https:\/\/www.rsl-hilden.de\/home\/wp-json\/wp\/v2\/pages\/57\/revisions\/708"}],"wp:attachment":[{"href":"https:\/\/www.rsl-hilden.de\/home\/wp-json\/wp\/v2\/media?parent=57"}],"curies":[{"name":"wp","href":"https:\/\/api.w.org\/{rel}","templated":true}]}}