{"id":608,"date":"2022-01-26T15:28:01","date_gmt":"2022-01-26T14:28:01","guid":{"rendered":"https:\/\/www.rsl-hilden.de\/home\/?page_id=608"},"modified":"2022-11-17T16:13:53","modified_gmt":"2022-11-17T15:13:53","slug":"das-testamentum-mysticum-und-weitere-fallen-im-erbrecht","status":"publish","type":"page","link":"https:\/\/www.rsl-hilden.de\/home\/expertentipps\/das-testamentum-mysticum-und-weitere-fallen-im-erbrecht\/","title":{"rendered":"Das Testamentum mysticum und weitere-Fallen im Erbrecht"},"content":{"rendered":"<div class='content-column one_half'><h1><strong>Das &#8222;Testamentum mysticum&#8220; und weitere-Fallen im Erbrecht<\/strong><\/h1>\n<h2><strong>Das handgeschriebene Testament als Alternative zur notariellen Beurkundung<\/strong><\/h2>\n<p>Letztwillige Verf\u00fcgungen k\u00f6nnen in unterschiedlicher Form verfasst werden. In \u00a7 2247 Abs. 1 des B\u00fcrgerlichen Gesetzbuches (BGB) findet sich die gesetzliche Grundlage f\u00fcr die eigenh\u00e4ndige Testamentserrichtung. Dort hei\u00dft es: \u201eDer Erblasser kann ein Testament durch eine eigenh\u00e4ndig geschriebene und unterschriebene Erkl\u00e4rung errichten.\u201c<\/p>\n<p>Eigenh\u00e4ndig bedeutet handschriftlich und nicht etwa mit einem Computer oder einer Schreibmaschine (sofern eine solche noch existiert) getippt. Dieses Formerfordernis dient dem Beweis der Echtheit, denn die menschliche Handschrift ist oftmals so individuell wie unser Fingerabdruck.<\/p>\n<p>Ans Ende des Testaments geh\u00f6rt notwendigerweise eine eigenh\u00e4ndige Unterschrift, die im besten Fall aus Vor- und Familiennamen bestehen sollte.<\/p>\n<p>Zudem empfiehlt es sich, auf dem Testament Ort und Datum anzugeben. Dies ist insbesondere dann von praktischer Bedeutung, wenn der Erblasser ein altes Testament mit einem neuen widerrufen hat oder wenn fraglich ist, ob der Testierende zum Verf\u00fcgungszeitpunkt testierf\u00e4hig war.<\/p>\n<h2><strong>Klarheit des Testaments von elementarer Bedeutung<\/strong><\/h2>\n<p>Wie man sein Testament genau verfasst, ist somit jedem erst einmal selbst \u00fcberlassen. Dies dachten sich auch die Erblasser in einem Fall aus Gro\u00df-Gerau, den der Bundesgerichtshof (BGH) k\u00fcrzlich zu entscheiden hatte (Beschluss vom 10.11.2021 &#8211; IV ZB 30\/20).<\/p>\n<p>In dem Fall hatte ein Ehepaar in einem handschriftlichen Testament die Frage geregelt, wer nach dem Tod beider Partner Erbe des Wohnhauses in Deutschland sowie des Ferienhauses in Italien werden sollte. Dabei setzten die Eheleute die Tochter des Ehemanns aus erster Ehe als Erbin f\u00fcr das Wohnhaus in Deutschland sowie \u201eeine Erbengemeinschaft aus 5 befreundeten Familien\u201c als Erben des Ferienhauses in Italien ein. Diese f\u00fcnf Familien wurden in einem weiteren, computergeschriebenen Dokument namentlich benannt.<\/p>\n<p>Nach dem Tod des Ehepaars beantragten die Familien einen Erbschein. Dagegen erhob die Tochter des verstorbenen Erblassers jedoch Beschwerde und die Angelegenheit kam vor Gericht, wo die Erbeinsetzung der f\u00fcnf Familien schlussendlich f\u00fcr unwirksam erkl\u00e4rt wurde.<br \/>\nDies begr\u00fcnde sich nach Ansicht des BGH damit, dass die Anlage mit den Kontaktdaten der f\u00fcnf Familien maschinell und nicht handschriftlich verfasst wurde und somit nicht bei der Auslegung des Testaments heranzuziehen sei. Dabei hatten die Karlsruher Richter zwar erkannt, dass die benannten Freunde nach dem Willen des Paares h\u00e4tten erben sollen. Dies ergab sich jedoch nur aus der Anlage, sodass f\u00fcr einen Dritten, ohne R\u00fcckgriff auf diese Anlage, die Identit\u00e4t der Erben nicht zu bestimmen sei.<\/p>\n<p>Die Richter am BGH urteilten, dass es sich bei dem Testament um ein sogenanntes \u201etestamentum mysticum\u201c handele, welches zwar von den Erblassern erstellt wurde, aber nicht den Formvorschriften f\u00fcr ein Testament gen\u00fcgte. Dies hatte zur Folge, dass die Anlage, die die f\u00fcnf Familien als Erben aufz\u00e4hlte, als nichtig angesehen wurde und das Ferienhaus in Italien ebenfalls an die Tochter des verstorbenen Ehemannes im Wege der gesetzlichen Erbfolge ging.<\/p><\/div>\n<div class='content-column one_half last_column'><h2><strong>Fehler in der Testamentserstellung vermeiden<\/strong><\/h2>\n<p>Wie sie sehen, warten diverse Fallstricke auf dem Weg zum wirksamen Testament.<\/p>\n<p>Um Fehler bei der Testamentserstellung und dadurch unsch\u00f6ne Erbschaftsstreitigkeiten zu vermeiden, sollten die Formvorgaben, wie etwa das handschriftliche Verfassen, unbedingt eingehalten werden. Aufgrund der Komplexit\u00e4t des Erbrechts empfiehlt es sich zudem, in jedem Fall den Rat eines Experten f\u00fcr Erbrecht (ob nun Rechtsanwalt oder Notar) einzuholen.<\/p>\n<p>Dann stehen Sie mit Ihrem Testament garantiert auf der rechtssicheren Seite!<\/p>\n<p>Bei allen Fragen zum Erbrecht k\u00f6nnen Sie gerne einen Termin mit uns machen und sich von uns beraten lassen.<br \/>\nRufen Sie uns an oder schreiben Sie uns:<br \/>\n02103\u00a025 86 960<br \/>\n<a href=\"mailto:kanzlei@rsl-hilden.de\" title=\"Kanzlei@rsl-hilden.de\">kanzlei@rsl-hilden.de<\/a><\/p>\n<h2>Weitere Expertentipps:<\/h2>\n<p>\u2022 <a href=\"https:\/\/www.rsl-hilden.de\/home\/expertentipps\/arbeitsrecht-neues-nachweisgesetz-warum-arbeitsvertraege-jetzt-ueberprueft-werden-muessen\" title=\"Arbeitsrecht:\u00a0Neues Nachweisgesetz: Warum Arbeitsvertr\u00e4ge Jetzt \u00fcberpr\u00fcft Werden M\u00fcssen\">Arbeitsrecht:\u00a0Neues Nachweisgesetz: Warum Arbeitsvertr\u00e4ge jetzt \u00fcberpr\u00fcft werden m\u00fcssen<\/a><br \/>\n\u2022 <a href=\"https:\/\/www.rsl-hilden.de\/home\/expertentipps\/arbeitsrecht-ende-der-vertrauensarbeitszeit\/\" title=\"Arbeitsrecht: Das Ende Der Vertrauensarbeitszeit?\">Arbeitsrecht: Das Ende der Vertrauensarbeitszeit?<\/a><br \/>\n\u2022 <a href=\"https:\/\/www.rsl-hilden.de\/home\/expertentipps\/arbeitsrecht-kuriose-kuendigungsgruende\/\" title=\" Arbeitsrecht: Kuriose K\u00fcndigungsgr\u00fcnde ? Was Ist Berechtigt, Was Nicht?\"> Arbeitsrecht: Kuriose K\u00fcndigungsgr\u00fcnde \u2013 Was ist berechtigt, was nicht?<\/a><br \/>\n\u2022 <a href=\"https:\/\/www.rsl-hilden.de\/home\/expertentipps\/arbeitsrecht-urlaubsanspruch-und-resturlaub\/\" title=\"Arbeitsrecht: Was Arbeitnehmer Und Arbeitgeber \u00fcber Urlaubsanspruch Und Resturlaub Wissen M\u00fcssen\">Arbeitsrecht: Was Arbeitnehmer und Arbeitgeber \u00fcber Urlaubsanspruch und Resturlaub wissen m\u00fcssen<\/a><br \/>\n\u2022 <a href=\"https:\/\/www.rsl-hilden.de\/home\/expertentipps\/der-letzte-wille-auf-einem-post-it\/\" title=\"Der Letzte Wille Auf Einem Post-it\">Der letzte Wille auf einem Post-it<\/a><br \/>\n\u2022 <a href=\"https:\/\/www.rsl-hilden.de\/home\/expertentipps\/falschparker-zuparken-keine-gute-idee\/\" title=\"Falschparker Zuparken \u2013 Keine Gute Idee!\">Falschparker zuparken &#8211; Keine gute Idee<strong>!<\/strong><\/a><\/p><\/div><div class='clear_column'><\/div>\n","protected":false},"excerpt":{"rendered":"","protected":false},"author":2,"featured_media":0,"parent":606,"menu_order":0,"comment_status":"closed","ping_status":"closed","template":"","meta":{"footnotes":""},"class_list":["post-608","page","type-page","status-publish","hentry"],"_links":{"self":[{"href":"https:\/\/www.rsl-hilden.de\/home\/wp-json\/wp\/v2\/pages\/608","targetHints":{"allow":["GET"]}}],"collection":[{"href":"https:\/\/www.rsl-hilden.de\/home\/wp-json\/wp\/v2\/pages"}],"about":[{"href":"https:\/\/www.rsl-hilden.de\/home\/wp-json\/wp\/v2\/types\/page"}],"author":[{"embeddable":true,"href":"https:\/\/www.rsl-hilden.de\/home\/wp-json\/wp\/v2\/users\/2"}],"replies":[{"embeddable":true,"href":"https:\/\/www.rsl-hilden.de\/home\/wp-json\/wp\/v2\/comments?post=608"}],"version-history":[{"count":7,"href":"https:\/\/www.rsl-hilden.de\/home\/wp-json\/wp\/v2\/pages\/608\/revisions"}],"predecessor-version":[{"id":704,"href":"https:\/\/www.rsl-hilden.de\/home\/wp-json\/wp\/v2\/pages\/608\/revisions\/704"}],"up":[{"embeddable":true,"href":"https:\/\/www.rsl-hilden.de\/home\/wp-json\/wp\/v2\/pages\/606"}],"wp:attachment":[{"href":"https:\/\/www.rsl-hilden.de\/home\/wp-json\/wp\/v2\/media?parent=608"}],"curies":[{"name":"wp","href":"https:\/\/api.w.org\/{rel}","templated":true}]}}