{"id":668,"date":"2022-07-05T19:17:47","date_gmt":"2022-07-05T17:17:47","guid":{"rendered":"https:\/\/www.rsl-hilden.de\/home\/?page_id=668"},"modified":"2022-11-17T16:11:56","modified_gmt":"2022-11-17T15:11:56","slug":"arbeitsrecht-kuriose-kuendigungsgruende","status":"publish","type":"page","link":"https:\/\/www.rsl-hilden.de\/home\/expertentipps\/arbeitsrecht-kuriose-kuendigungsgruende\/","title":{"rendered":"Arbeitsrecht: Kuriose K\u00fcndigungsgr\u00fcnde"},"content":{"rendered":"<div class='content-column one_half'><h1 class=\"main--title\"><strong>Arbeitsrecht: Kuriose K\u00fcndigungsgr\u00fcnde \u2013 Was ist berechtigt, was nicht?<\/strong><\/h1>\n<p>W\u00e4hrend die Juristerei \u2013 manchmal nicht ganz zu Unrecht \u2013 als eine &#8222;trockene und theoretische Wissenschaft&#8220; verschrien ist, passieren in der Praxis h\u00e4ufig kuriose F\u00e4lle, die man sich gar nicht ausdenken k\u00f6nnte. Dabei pr\u00e4sentiert insbesondere das Arbeitsrecht immer wieder bemerkenswerte Fallgestaltungen, insbesondere bei K\u00fcndigungen, die den ein oder anderen sicher zum Schmunzeln bringen werden. Einige der kuriosesten K\u00fcndigungsgr\u00fcnde, die die Welt des Arbeitsrechts in den letzten Jahren gesehen hat, haben wir im folgenden f\u00fcr Sie zusammengefasst.<\/p>\n<p><strong>Schneckentempo<br \/>\n<\/strong>Eine bei einer Kreisverwaltung in Hessen angestellte Architektin ben\u00f6tigte nach Angabe ihres Arbeitgebers zu lange f\u00fcr ihr Gutachten zu einem neuen Bauprojekt: Statt der geplanten 40 Tage ben\u00f6tigte die Arbeitnehmerin ganze 96 Tage, um zumindest einen Teil des Gutachtens fertigzustellen. Noch vor Vollendung kassierte sie die K\u00fcndigung und es ist bis heute unklar, ob das bauliche Gutachten jemals fertiggestellt wurde.<\/p>\n<p><strong>Eifrige \u00dcberstunden<br \/>\n<\/strong>Einem besonders flei\u00dfigen Arbeitnehmer aus Frankfurt wurden seine \u00dcberstunden zum Verh\u00e4ngnis: Seinen Feierabend nutzte er dazu, weiter an seinen Projekten zu arbeiten. Das Problem war, dass er daf\u00fcr gesch\u00e4ftliche E-Mails mit personenbezogenen Kundendaten und betrieblichen Informationen an seinen privaten E-Mail Account weiterleitete. Dies sahen sowohl sein Arbeitgeber als auch das Arbeitsgericht als schwerwiegenden Pflichtversto\u00df und die K\u00fcndigung des Arbeitnehmers als berechtigt an.<\/p>\n<p><strong>High und betrunken<br \/>\n<\/strong>Ein wahrer Klassiker unter Arbeitsrechtlern: Im Jahr 2017 musste das BMW-Werk in M\u00fcnchen f\u00fcr etwa eine halbe Stunde seine Produktion stoppen. Grund waren nicht etwa fehlende Chips, sondern zwei Mitarbeiter, die v\u00f6llig betrunken und &#8222;high&#8220; zur Arbeit gekommen waren und kurz nach Beginn ihrer Schicht auf dem Flie\u00dfband kollabierten. Den einen Mitarbeiter kostete dieses Verhalten seinen Job, der andere wurde lediglich versetzt, w\u00e4hrend BMW auf einem Schaden in f\u00fcnfstelliger H\u00f6he sitzen blieb.<\/p>\n<p><strong>Man fragt nicht nach dem Alter<br \/>\n<\/strong>Wie hei\u00dft es so sch\u00f6n: Man fragt Menschen nicht nach ihrem Alter. Eine Auszubildende erinnerte sich scheinbar nicht an diesen Leitsatz und sch\u00e4tzte die Lebensgef\u00e4hrtin ihres Chefs in einem Gespr\u00e4ch auf Mitte 40. Dumm nur, dass diese mit 31 Jahren deutlich j\u00fcnger war und diesen Sch\u00e4tzfehler gar nicht lustig fand. Auch ihr Lebenspartner, der Chef der Firma, konnte \u00fcber diese Fehleinsch\u00e4tzung nicht lachen, und kurze Zeit sp\u00e4ter folgte die K\u00fcndigung wegen beleidigenden Verhaltens.\u00a0Diese K\u00fcndigung hatte vor Gericht allerdings keinen Bestand und die Parteien verglichen sich.<\/p>\n<p><strong>Feuerwerk auf dem Dixie-Klo<br \/>\n<\/strong>Einen kuriosen Fall musste das Arbeitsgericht Krefeld entscheiden: Ein Ger\u00fcstbauer z\u00fcndete einen Feuerwerksk\u00f6rper in einem Dixie-Klo an. Dummerweise sa\u00df dort gerade einer seiner Kollegen. Dieser erlitt schwere Verbrennungen am Unterk\u00f6rper und war wochenlang nicht arbeitsf\u00e4hig. Dem &#8222;Spa\u00dfvogel&#8220; wurde daf\u00fcr durch den Arbeitgeber fristlos gek\u00fcndigt.<\/p>\n<p><strong>Wohnheim-Morde<br \/>\n<\/strong>Ein besonders seltsamer Fall wurde 2022 vor dem Potsdamer Arbeitsgericht verhandelt. Dort hatte eine ehemalige Pflegekraft gegen ihre K\u00fcndigung geklagt, eine f\u00fcnfstellige Abfindung und Schmerzensgeld wegen Mobbing von ihrem ehemaligen Arbeitgeber verlangt. Das Arbeitsgericht wies die Klage der Frau ab und wies vielmehr den Arbeitgeber darauf hin, dass dieser Anspr\u00fcche gegen die Pflegekraft geltend machen k\u00f6nnte. Diese war n\u00e4mlich entlassen \u2013\u00a0und zu einer mehrj\u00e4hrigen Haftstrafe verurteilt \u2013\u00a0worden, da sie mehrere Bewohner der Pflegeeinrichtung get\u00f6tet hatte.<\/p>\n<p><strong>Der schweigsame Sonntagsspaziergang<br \/>\n<\/strong>Ein anderer Arbeitnehmer fiel vermutlich aus allen Wolken, als sein Chef ihm die K\u00fcndigung pr\u00e4sentierte. Der Grund f\u00fcr die K\u00fcndigung lag n\u00e4mlich darin, dass der Arbeitnehmer seinen Chef an den vergangenen Wochenenden zwei Mal bei einem gem\u00fctlichen Waldspaziergang getroffen hatte \u2013 w\u00e4hrend der Chef freundlich gr\u00fc\u00dfte, ging der Arbeitnehmer einfach weiter. Kurze Zeit sp\u00e4ter traf man sich wieder, diesmal vor Gericht. Dieses stellte, zum Gl\u00fcck des Arbeitnehmers fest, dass die mehrfache Verweigerung des Gru\u00dfes keinen tauglichen K\u00fcndigungsgrund darstelle.<\/p><\/div>\n<div class='content-column one_half last_column'><h2>Tipp f\u00fcr Arbeitnehmer:<\/h2>\n<p>Wie Sie sehen, gibt es neben den \u201eKlassikern\u201c unter den K\u00fcndigungsgr\u00fcnden, wie Beleidigung, Diebstahl oder Arbeitsverweigerung, auch viele weitere Gr\u00fcnde wegen denen ein Arbeitsverh\u00e4ltnis aufgel\u00f6st werden kann. Um selbst beim skurrilsten K\u00fcndigungsgrund immer gut beraten zu sein, empfiehlt es sich, in arbeitsrechtlichen Angelegenheiten einen Anwalt zu Rate zu ziehen.<\/p>\n<p>Bei allen Fragen zum Arbeitsrecht k\u00f6nnen Sie gerne einen Termin mit uns machen und sich von uns beraten lassen.<br \/>\nRufen Sie uns an oder schreiben Sie uns:<br \/>\n02103\u00a025 86 960<br \/>\n<a href=\"mailto:kanzlei@rsl-hilden.de\" title=\"Kanzlei@rsl-hilden.de\">kanzlei@rsl-hilden.de<\/a><\/p>\n<h2>Weitere Expertentipps:<\/h2>\n<p>\u2022 <a href=\"https:\/\/www.rsl-hilden.de\/home\/expertentipps\/arbeitsrecht-neues-nachweisgesetz-warum-arbeitsvertraege-jetzt-ueberprueft-werden-muessen\" title=\"Arbeitsrecht:\u00a0Neues Nachweisgesetz: Warum Arbeitsvertr\u00e4ge Jetzt \u00fcberpr\u00fcft Werden M\u00fcssen\">Arbeitsrecht:\u00a0Neues Nachweisgesetz: Warum Arbeitsvertr\u00e4ge jetzt \u00fcberpr\u00fcft werden m\u00fcssen<\/a><br \/>\n\u2022 <a href=\"https:\/\/www.rsl-hilden.de\/home\/expertentipps\/arbeitsrecht-ende-der-vertrauensarbeitszeit\/\" title=\"Arbeitsrecht: Das Ende Der Vertrauensarbeitszeit?\">Arbeitsrecht: Das Ende der Vertrauensarbeitszeit?<\/a><br \/>\n\u2022 <a href=\"https:\/\/www.rsl-hilden.de\/home\/expertentipps\/arbeitsrecht-urlaubsanspruch-und-resturlaub\/\" title=\"Arbeitsrecht: Was Arbeitnehmer Und Arbeitgeber \u00fcber Urlaubsanspruch Und Resturlaub Wissen M\u00fcssen\">Arbeitsrecht: Was Arbeitnehmer und Arbeitgeber \u00fcber Urlaubsanspruch und Resturlaub wissen m\u00fcssen<\/a><br \/>\n\u2022 <a href=\"https:\/\/www.rsl-hilden.de\/home\/expertentipps\/das-testamentum-mysticum-und-weitere-fallen-im-erbrecht\/\" title=\"Das ?Testamentum Mysticum? Und Weitere Fallen Im Erbrecht\">Das \u201eTestamentum mysticum\u201c und weitere Fallen im Erbrecht<\/a><br \/>\n\u2022 <a href=\"https:\/\/www.rsl-hilden.de\/home\/expertentipps\/der-letzte-wille-auf-einem-post-it\/\" title=\"Der Letzte Wille Auf Einem Post-it\">Der letzte Wille auf einem Post-it<\/a><br \/>\n\u2022 <a href=\"https:\/\/www.rsl-hilden.de\/home\/expertentipps\/falschparker-zuparken-keine-gute-idee\/\" title=\"Falschparker Zuparken \u2013 Keine Gute Idee!\">Falschparker zuparken &#8211; Keine gute Idee<strong>!<\/strong><\/a><\/p><\/div><div class='clear_column'><\/div>\n","protected":false},"excerpt":{"rendered":"","protected":false},"author":2,"featured_media":0,"parent":606,"menu_order":0,"comment_status":"closed","ping_status":"closed","template":"","meta":{"footnotes":""},"class_list":["post-668","page","type-page","status-publish","hentry"],"_links":{"self":[{"href":"https:\/\/www.rsl-hilden.de\/home\/wp-json\/wp\/v2\/pages\/668","targetHints":{"allow":["GET"]}}],"collection":[{"href":"https:\/\/www.rsl-hilden.de\/home\/wp-json\/wp\/v2\/pages"}],"about":[{"href":"https:\/\/www.rsl-hilden.de\/home\/wp-json\/wp\/v2\/types\/page"}],"author":[{"embeddable":true,"href":"https:\/\/www.rsl-hilden.de\/home\/wp-json\/wp\/v2\/users\/2"}],"replies":[{"embeddable":true,"href":"https:\/\/www.rsl-hilden.de\/home\/wp-json\/wp\/v2\/comments?post=668"}],"version-history":[{"count":5,"href":"https:\/\/www.rsl-hilden.de\/home\/wp-json\/wp\/v2\/pages\/668\/revisions"}],"predecessor-version":[{"id":701,"href":"https:\/\/www.rsl-hilden.de\/home\/wp-json\/wp\/v2\/pages\/668\/revisions\/701"}],"up":[{"embeddable":true,"href":"https:\/\/www.rsl-hilden.de\/home\/wp-json\/wp\/v2\/pages\/606"}],"wp:attachment":[{"href":"https:\/\/www.rsl-hilden.de\/home\/wp-json\/wp\/v2\/media?parent=668"}],"curies":[{"name":"wp","href":"https:\/\/api.w.org\/{rel}","templated":true}]}}